{"id":308,"date":"2021-09-20T11:34:12","date_gmt":"2021-09-20T09:34:12","guid":{"rendered":"https:\/\/dyno.com.pl\/wp\/about\/"},"modified":"2023-08-08T16:22:10","modified_gmt":"2023-08-08T14:22:10","slug":"cennik","status":"publish","type":"page","link":"https:\/\/www.goodhope.pl\/?page_id=308","title":{"rendered":"Cennik"},"content":{"rendered":"\n\n\n<h2>&nbsp;Ile to kosztuje ?<br><\/h2>\n\n<p>&nbsp;Cennik wykonywanej us\u0142ugi jest uzale\u017cniony od :<\/p>\n<p>&#8211; rodzaju uk\u0142adu sterowania silnika (stopnia skomplikowania czynno\u015bci zwi\u0105zanych z odczytem, programowaniem i edycj\u0105)<\/p>\n<p>&#8211; typu nap\u0119du i typu skrzyni bieg\u00f3w (2WD,4WD, manual, automat)<br><\/p>\n<p>&#8211; sprawno\u015bci pojazdu i jednostki nap\u0119dowej (koszt pomiaru i diagnostyki niesprawnej jednostki ponosi klient)<br><\/p>\n<p>&#8211; rodzaju zlecenia (poprawa osi\u0105g\u00f3w, ingerencja w sterowanie skrzyni\u0105 bieg\u00f3w, edycja funkcji proekologicznych)<br><\/p>&nbsp;\n\n\n\n\n<h2>Cennik<br><\/h2>\n\n<p><strong>Modyfikacja dla poprawy osi\u0105g\u00f3w<\/strong><br><\/p>\n<p>Samochody osobowe, dostawcze i terenowe rok produkcji do 2007 w\u0142\u0105cznie (2WD manual) &nbsp; &nbsp; &nbsp; <strong>1000z\u0142<\/strong><br><\/p>\n<p>Samochody osobowe, dostawcze i terenowe rok produkcji od 2008 do 2011 (2WD manual) &nbsp; &nbsp; &nbsp; <strong>1100z\u0142<\/strong><br><\/p>\n<p>Samochody osobowe, dostawcze i terenowe rok produkcji od 2012 (2WD manual) &nbsp; &nbsp; &nbsp;<strong> 1200z\u0142<\/strong><br><\/p>\n<p>Koszt wst\u0119pnej diagnostyki w przypadku stwierdzenia niesprawno\u015bci<br>dyskwalifikuj\u0105cych pojazd z wykonania dalszej us\u0142ugi(2WD\/4WD) &nbsp;&nbsp;&nbsp;&nbsp;&nbsp; <strong>150z\u0142\/300z\u0142<\/strong><br><\/p>\n<p>Dop\u0142ata za pomiary mocy wykonuj\u0105c us\u0142ug\u0119 modyfikacji samochodu ze skrzyni\u0105 automatyczn\u0105 &nbsp; &nbsp; &nbsp; +<strong>100z\u0142<\/strong><br><\/p>\n<p>Dop\u0142ata za pomiary mocy wykonuj\u0105c us\u0142ug\u0119 modyfikacji samochodu z nap\u0119dem na cztery ko\u0142a &nbsp; &nbsp; &nbsp; +<strong>100z\u0142<\/strong><br><\/p>\n<p>Dop\u0142ata za pomiary mocy na \u017cyczenie klienta w trakcie modyfikacji samochodu z nap\u0119dem na cztery ko\u0142a&nbsp; +<strong>100z\u0142<\/strong><br><\/p>\n<p><strong><\/strong><br><\/p>\n<p><strong>Inne us\u0142ugi<\/strong><br><\/p>\n<p>Edycja funkcjonalno\u015bci uk\u0142ad\u00f3w proekologicznych (EGR\/DPF\/Adblue)&nbsp;&nbsp; <strong>500z\u0142\/800z\u0142\/800-1000z\u0142<\/strong><br><\/p>\n<p>Zmiany w oprogramowaniu steruj\u0105cym prac\u0105 skrzyni bieg\u00f3w&nbsp;&nbsp;&nbsp; <strong>1000z\u0142<\/strong><br><\/p>\n<p><strong><\/strong><br><\/p>\n\n\n\n\n<p>W przypadku us\u0142ug \u0142\u0105czonych stosowany jest rabat w wysoko\u015bci 20% ceny na ka\u017cd\u0105 ta\u0144sz\u0105 ze zleconych us\u0142ug.<\/p>\n\n\n<p>W cen\u0119 ka\u017cdej us\u0142ugi jest wliczona wszelka konieczna diagnostyka \nkomputerowa silnika, oraz na \u017cyczenie klienta pozosta\u0142ych modu\u0142\u00f3w \nwyposa\u017cenia pojazdu.<\/p>\n\n\n<p>W przeci\u0105gu dw\u00f3ch lat od dnia zlecenia, diagnostyka komputerowa \nsilnika\/skrzyni bieg\u00f3w, wszelkie zmiany w oprogramowaniu, b\u0105d\u017a te\u017c powr\u00f3t\n do oprogramowania fabrycznego na \u017cyczenie klienta s\u0105 wliczone w cen\u0119 \npierwotnej us\u0142ugi.<\/p>\n\n\n\n\n\n\n\n\n\n\n\n\n\n","protected":false},"excerpt":{"rendered":"","protected":false},"author":1,"featured_media":0,"parent":0,"menu_order":0,"comment_status":"closed","ping_status":"closed","template":"","meta":[],"_links":{"self":[{"href":"https:\/\/www.goodhope.pl\/index.php?rest_route=\/wp\/v2\/pages\/308"}],"collection":[{"href":"https:\/\/www.goodhope.pl\/index.php?rest_route=\/wp\/v2\/pages"}],"about":[{"href":"https:\/\/www.goodhope.pl\/index.php?rest_route=\/wp\/v2\/types\/page"}],"author":[{"embeddable":true,"href":"https:\/\/www.goodhope.pl\/index.php?rest_route=\/wp\/v2\/users\/1"}],"replies":[{"embeddable":true,"href":"https:\/\/www.goodhope.pl\/index.php?rest_route=%2Fwp%2Fv2%2Fcomments&post=308"}],"version-history":[{"count":8,"href":"https:\/\/www.goodhope.pl\/index.php?rest_route=\/wp\/v2\/pages\/308\/revisions"}],"predecessor-version":[{"id":333,"href":"https:\/\/www.goodhope.pl\/index.php?rest_route=\/wp\/v2\/pages\/308\/revisions\/333"}],"wp:attachment":[{"href":"https:\/\/www.goodhope.pl\/index.php?rest_route=%2Fwp%2Fv2%2Fmedia&parent=308"}],"curies":[{"name":"wp","href":"https:\/\/api.w.org\/{rel}","templated":true}]}}