{"id":212,"date":"2021-09-03T10:29:40","date_gmt":"2021-09-03T10:29:40","guid":{"rendered":"https:\/\/dyno.com.pl\/wp\/service\/"},"modified":"2021-09-04T19:19:08","modified_gmt":"2021-09-04T19:19:08","slug":"service","status":"publish","type":"page","link":"https:\/\/www.goodhope.pl\/?page_id=212","title":{"rendered":"GOODHOPE TEAM"},"content":{"rendered":"\n\n\n\n<h2>WARSZTATY WSP\u00d3\u0141PRACUJ\u0104CE<br><\/h2>\n\n\n\n<p>AUTO SERWIS MAX<br>Klebark Ma\u0142y 38b<br>10-687 Olsztyn<br>tel. 502-67-53-80<br><\/p>\n\n\n<p><br><\/p>\n\n\n<p>MOTRONIC<br>UL. Tokarska 33<br>24-100 Pu\u0142awy<br>tel. 501-72-66-86<\/p>\n\n\n<p><br><\/p>\n\n\n<p>DIAGNOSTYKA-NAPRAWA-CHIPTUNING<br>HAMOWNIA PODWOZIOWA I DROGOWA<br>Marcin Paluch<br>Stare Kr\u00f3le 30A<br>23-415 Ksi\u0119\u017cpol<br>tel.888-19-03-08<\/p>\n\n\n<p><br><\/p>\n\n\n<p>M-CAR<br>ul. Antalla 25<br>33-100 Tarn\u00f3w<br>tel.601-45-57-05<br>www.m-car.pl<\/p>\n\n\n<p><br><\/p>\n\n\n<p>NASCAR<br>ul. Gra\u017cy\u0144skiego 108<br>43-300 Bielsko-Bia\u0142a<br>tel.888-57-77-10<br>www.nascar.auto.pl<\/p>\n\n\n<p><br><\/p>\n\n\n<p>AUTOSYSTEM<br>elektronika samochodowa<br>Krakuszowice<br>32-420 Gd\u00f3w<br>tel.730-01-56-50<br>www.autosystem24.pl<\/p>\n\n\n<p><br><\/p>\n\n\n<p>DIAG-CAR<br>Strzegowa 100<br>32-340 Wolbrom<br>tel. 667-14-33-16<br>www.diag-car.pl<\/p>\n\n\n<p><br><\/p>\n\n\n<p>HAZZAX<br>Sebastian I\u017cycki<br>ul. \u015awi\u0119toja\u0144ska 7<br>48-303 Nysa<br>tel.513-10-93-04<br>www.chiptuning.nysa.pl<\/p>\n\n\n<p><br><\/p>\n\n\n<p>MECHANIKA SAMOCHODOWA<br>Bartosz Hertman<br>ul. Nowy G\u00f3rnik 12<br>55-200 O\u0142awa<br>tel.501-73-54-39<\/p>\n\n\n<p><br><\/p>\n\n\n<p>VELOSTAT<br>ul. Przemkowska 2<br>59-220 Legnica<br>tel.602-66-96-15<\/p>\n\n\n<p><br><\/p>\n\n\n<p>CYFFERT<br>Adam Cyffert<br>ul. Le\u015bna 23<br>63-100 \u015arem-Psarskie<br>tel.602-50-74-66<br>www.cyffert.pl<\/p>\n\n\n<p><br><\/p>\n\n\n<p>NOWEL AUTOSYSTEMY<br>Roz\u0142ogi 30<br>66-200 \u015awiebodzin<br>tel.505-02-20-39<br>www.nowel.auto.pl<\/p>\n\n\n<p><br><\/p>\n\n\n<p>ALTRONIC s.c.<br>ul. Chodzieska15<br>64-920 Pi\u0142a<br>tel.694-43-65-70<br>www.altronic.pl<\/p>\n\n\n<p><br><\/p>\n\n\n<p>AUTOMAX<br>ul. Szlachecka6<br>78-100 Ko\u0142obrzeg<br>tel.604-71-23-82<\/p>\n\n\n<p><br><\/p>\n\n\n<p>METREX<br>Elektronika samochodowa<br>ul. Gnie\u017anie\u0144ska 6<br>75-728 Koszalin<br>tel.787-591-056<\/p>\n\n\n<p><br><\/p>\n\n\n<p>JMK ELEKTRONIKA<br>ul. Kaszubska 15<br>84-200 Wejherowo<br>tel.601-61-02-32<\/p>\n\n\n<p><br><\/p>\n\n\n<p>MECHANIKA POJAZDOWA<br>Miechucino 253<br>83-334 Miechucino<br>tel.607-60-72-89<\/p>\n\n\n<p><br><\/p>\n\n\n<p>AUTO-KAM<br>ul. Przasnyska 66<br>06-400 Ciechan\u00f3w<br>tel.602-52-59-60<br><\/p>\n\n\n<p><br><\/p>\n\n\n<p><br><\/p>\n\n\n<p><br><\/p>\n\n\n<p><br><\/p>\n\n\n<p><br><\/p>\n\n\n<p><br><\/p>\n\n\n<p><br><\/p>\n\n\n<p><br><\/p>\n\n\n\n","protected":false},"excerpt":{"rendered":"","protected":false},"author":1,"featured_media":0,"parent":0,"menu_order":0,"comment_status":"closed","ping_status":"closed","template":"","meta":[],"_links":{"self":[{"href":"https:\/\/www.goodhope.pl\/index.php?rest_route=\/wp\/v2\/pages\/212"}],"collection":[{"href":"https:\/\/www.goodhope.pl\/index.php?rest_route=\/wp\/v2\/pages"}],"about":[{"href":"https:\/\/www.goodhope.pl\/index.php?rest_route=\/wp\/v2\/types\/page"}],"author":[{"embeddable":true,"href":"https:\/\/www.goodhope.pl\/index.php?rest_route=\/wp\/v2\/users\/1"}],"replies":[{"embeddable":true,"href":"https:\/\/www.goodhope.pl\/index.php?rest_route=%2Fwp%2Fv2%2Fcomments&post=212"}],"version-history":[{"count":3,"href":"https:\/\/www.goodhope.pl\/index.php?rest_route=\/wp\/v2\/pages\/212\/revisions"}],"predecessor-version":[{"id":256,"href":"https:\/\/www.goodhope.pl\/index.php?rest_route=\/wp\/v2\/pages\/212\/revisions\/256"}],"wp:attachment":[{"href":"https:\/\/www.goodhope.pl\/index.php?rest_route=%2Fwp%2Fv2%2Fmedia&parent=212"}],"curies":[{"name":"wp","href":"https:\/\/api.w.org\/{rel}","templated":true}]}}